{"id":254,"date":"2018-01-22T16:43:19","date_gmt":"2018-01-22T16:43:19","guid":{"rendered":"https:\/\/tvprompt.tv\/?page_id=254"},"modified":"2023-11-23T10:21:58","modified_gmt":"2023-11-23T09:21:58","slug":"contact","status":"publish","type":"page","link":"https:\/\/tvprompt.tv\/en\/contact\/","title":{"rendered":"Contact"},"content":{"rendered":"<p>[et_pb_section fb_built=&#8221;1&#8243; custom_padding_last_edited=&#8221;on|phone&#8221; _builder_version=&#8221;4.16&#8243; background_color=&#8221;#fafbfc&#8221; custom_padding=&#8221;110px|0px|110px|0px&#8221; custom_padding_tablet=&#8221;85px|0px|85px|0px&#8221; custom_padding_phone=&#8221;60px|0px|60px|0px&#8221; animation_style=&#8221;slide&#8221; animation_direction=&#8221;top&#8221; animation_intensity_slide=&#8221;2%&#8221; animation_starting_opacity=&#8221;100%&#8221; global_colors_info=&#8221;{}&#8221;][et_pb_row _builder_version=&#8221;4.16&#8243; background_size=&#8221;initial&#8221; background_position=&#8221;top_left&#8221; background_repeat=&#8221;repeat&#8221; max_width=&#8221;680px&#8221; custom_padding=&#8221;0px|0px|0px|0px&#8221; use_custom_width=&#8221;on&#8221; custom_width_px=&#8221;680px&#8221; global_colors_info=&#8221;{}&#8221;][et_pb_column type=&#8221;4_4&#8243; _builder_version=&#8221;4.16&#8243; custom_padding=&#8221;|||&#8221; global_colors_info=&#8221;{}&#8221; custom_padding__hover=&#8221;|||&#8221;][et_pb_text _builder_version=&#8221;4.23.1&#8243; text_font=&#8221;|700||on|||||&#8221; text_text_color=&#8221;#FAC102&#8243; text_font_size=&#8221;36px&#8221; text_line_height=&#8221;1.2em&#8221; header_font=&#8221;|700||on|||||&#8221; header_text_align=&#8221;center&#8221; header_text_color=&#8221;#C60A0A&#8221; header_font_size=&#8221;23px&#8221; background_size=&#8221;initial&#8221; background_position=&#8221;top_left&#8221; background_repeat=&#8221;repeat&#8221; text_orientation=&#8221;center&#8221; module_alignment=&#8221;center&#8221; text_font_size_tablet=&#8221;32px&#8221; text_font_size_phone=&#8221;28px&#8221; text_font_size_last_edited=&#8221;on|phone&#8221; header_font_size_tablet=&#8221;20px&#8221; header_font_size_phone=&#8221;18px&#8221; header_font_size_last_edited=&#8221;on|phone&#8221; locked=&#8221;off&#8221; global_colors_info=&#8221;{}&#8221;]<\/p>\n<h1>Contact<\/h1>\n<p>Questions? Let Us Help![\/et_pb_text][et_pb_text _builder_version=&#8221;4.23.1&#8243; text_font_size=&#8221;21px&#8221; text_line_height=&#8221;1.45em&#8221; header_font=&#8221;||||||||&#8221; header_text_align=&#8221;center&#8221; background_size=&#8221;initial&#8221; background_position=&#8221;top_left&#8221; background_repeat=&#8221;repeat&#8221; text_orientation=&#8221;center&#8221; module_alignment=&#8221;center&#8221; text_font_size_tablet=&#8221;19px&#8221; text_font_size_phone=&#8221;17px&#8221; text_font_size_last_edited=&#8221;on|desktop&#8221; locked=&#8221;off&#8221; global_colors_info=&#8221;{}&#8221;]Contact us if you have any questions or need further information. Additionally, if you prefer to make your purchase over the phone or via email.[\/et_pb_text][\/et_pb_column][\/et_pb_row][et_pb_row column_structure=&#8221;1_3,1_3,1_3&#8243; use_custom_gutter=&#8221;on&#8221; gutter_width=&#8221;2&#8243; custom_padding_last_edited=&#8221;on|desktop&#8221; _builder_version=&#8221;4.16&#8243; max_width=&#8221;1440px&#8221; custom_padding=&#8221;60px|0px|28px|0px&#8221; custom_padding_tablet=&#8221;45px|0px|21px|0px&#8221; custom_padding_phone=&#8221;30px|0px|14px|0px&#8221; use_custom_width=&#8221;on&#8221; custom_width_px=&#8221;1440px&#8221; global_colors_info=&#8221;{}&#8221;][et_pb_column type=&#8221;1_3&#8243; _builder_version=&#8221;4.16&#8243; custom_padding=&#8221;|||&#8221; global_colors_info=&#8221;{}&#8221; custom_padding__hover=&#8221;|||&#8221;][et_pb_text admin_label=&#8221;Tel\u00e9fono&#8221; _builder_version=&#8221;4.23.1&#8243; text_text_color=&#8221;#676767&#8243; link_text_color=&#8221;#C60A0A&#8221; background_color=&#8221;#ffffff&#8221; text_orientation=&#8221;center&#8221; module_alignment=&#8221;left&#8221; custom_margin=&#8221;|||&#8221; custom_padding=&#8221;40px|30px|40px|30px&#8221; animation_style=&#8221;slide&#8221; animation_direction=&#8221;bottom&#8221; animation_intensity_slide=&#8221;10%&#8221; animation_starting_opacity=&#8221;100%&#8221; hover_enabled=&#8221;0&#8243; custom_css_free_form=&#8221;selector strong {||  color: #fac102;||  font-weight: 700;||  text-transform: uppercase;||  font-size: 22px;||}||selector a{||  font-weight: 700;||}&#8221; border_radii=&#8221;on|6px|6px|6px|6px&#8221; box_shadow_style=&#8221;preset1&#8243; box_shadow_vertical=&#8221;10px&#8221; box_shadow_blur=&#8221;24px&#8221; box_shadow_spread=&#8221;6px&#8221; box_shadow_color=&#8221;rgba(0,0,0,0.06)&#8221; global_colors_info=&#8221;{}&#8221; link_text_color__hover_enabled=&#8221;off|hover&#8221; link_text_color__hover=&#8221;#C60A0A&#8221; link_letter_spacing__hover=&#8221;1px&#8221; link_letter_spacing__hover_enabled=&#8221;on|desktop&#8221; sticky_enabled=&#8221;0&#8243;]<strong>Contact<\/strong><\/p>\n<p>If you want to talk to us, you have the option to either send us an <a href=\"#formulario\">email<\/a> or contact our customer service telephone number.<\/p>\n<p><a href=\"tel:+37976282332\">(+34) 976 282 332<\/a>[\/et_pb_text][\/et_pb_column][et_pb_column type=&#8221;1_3&#8243; _builder_version=&#8221;4.16&#8243; custom_padding=&#8221;|||&#8221; global_colors_info=&#8221;{}&#8221; custom_padding__hover=&#8221;|||&#8221;][et_pb_text admin_label=&#8221;Horario&#8221; _builder_version=&#8221;4.23.1&#8243; text_text_color=&#8221;#676767&#8243; link_text_color=&#8221;#C60A0A&#8221; background_color=&#8221;#ffffff&#8221; text_orientation=&#8221;center&#8221; module_alignment=&#8221;left&#8221; custom_margin=&#8221;|||&#8221; custom_padding=&#8221;40px|30px|40px|30px&#8221; animation_style=&#8221;slide&#8221; animation_direction=&#8221;bottom&#8221; animation_intensity_slide=&#8221;10%&#8221; animation_starting_opacity=&#8221;100%&#8221; custom_css_free_form=&#8221;selector strong {||  color: #fac102;||  font-weight: 700;||  text-transform: uppercase;||  font-size: 22px;||}||selector mark{||  font-weight: 700;||  background: none;||  color: rgba(0,0,0,0.6);||}&#8221; border_radii=&#8221;on|6px|6px|6px|6px&#8221; box_shadow_style=&#8221;preset1&#8243; box_shadow_vertical=&#8221;10px&#8221; box_shadow_blur=&#8221;24px&#8221; box_shadow_spread=&#8221;6px&#8221; box_shadow_color=&#8221;rgba(0,0,0,0.06)&#8221; global_colors_info=&#8221;{}&#8221; link_text_color__hover=&#8221;#fac102&#8243; link_text_color__hover_enabled=&#8221;on|desktop&#8221; link_letter_spacing__hover=&#8221;1px&#8221; link_letter_spacing__hover_enabled=&#8221;on|desktop&#8221;]<strong>Opening hours<\/strong><\/p>\n<p>We will attend you during our customer service hours, 7 hours a day, from Monday to Friday, excluding holidays.<\/p>\n<p><mark>From 08:00 AM to 03.00 PM<\/mark>[\/et_pb_text][\/et_pb_column][et_pb_column type=&#8221;1_3&#8243; _builder_version=&#8221;4.16&#8243; custom_padding=&#8221;|||&#8221; global_colors_info=&#8221;{}&#8221; custom_padding__hover=&#8221;|||&#8221;][et_pb_text admin_label=&#8221;Email&#8221; _builder_version=&#8221;4.23.1&#8243; text_text_color=&#8221;#676767&#8243; link_text_color=&#8221;#C60A0A&#8221; background_color=&#8221;#ffffff&#8221; text_orientation=&#8221;center&#8221; module_alignment=&#8221;left&#8221; custom_margin=&#8221;|||&#8221; custom_padding=&#8221;40px|30px|40px|30px&#8221; animation_style=&#8221;slide&#8221; animation_direction=&#8221;bottom&#8221; animation_intensity_slide=&#8221;10%&#8221; animation_starting_opacity=&#8221;100%&#8221; custom_css_free_form=&#8221;selector strong {||  color: #4aabe8;||  font-weight: 700;||  text-transform: uppercase;||  font-size: 22px;||}||selector a{||  font-weight: 700;||}&#8221; border_radii=&#8221;on|6px|6px|6px|6px&#8221; box_shadow_style=&#8221;preset1&#8243; box_shadow_vertical=&#8221;10px&#8221; box_shadow_blur=&#8221;24px&#8221; box_shadow_spread=&#8221;6px&#8221; box_shadow_color=&#8221;rgba(0,0,0,0.06)&#8221; global_colors_info=&#8221;{}&#8221; link_text_color__hover=&#8221;#C60A0A&#8221; link_text_color__hover_enabled=&#8221;on|desktop&#8221; link_letter_spacing__hover=&#8221;1px&#8221; link_letter_spacing__hover_enabled=&#8221;on|desktop&#8221;]<strong>Improvement Ideas<\/strong><\/p>\n<p>Share your improvement ideas about our software and products by sending us your feedback and suggestions.<\/p>\n<p><a href=\"https:\/\/tvprompt.tv\/en\/feedback\/\">Got an idea!<\/a>[\/et_pb_text][\/et_pb_column][\/et_pb_row][\/et_pb_section][et_pb_section fb_built=&#8221;1&#8243; custom_padding_last_edited=&#8221;on|phone&#8221; module_id=&#8221;formulario&#8221; _builder_version=&#8221;4.16&#8243; custom_padding=&#8221;60px|0px|60px|0px&#8221; custom_padding_tablet=&#8221;45px|0px|45px|0px&#8221; custom_padding_phone=&#8221;30px|0px|30px|0px&#8221; locked=&#8221;off&#8221; global_colors_info=&#8221;{}&#8221;][et_pb_row _builder_version=&#8221;4.16&#8243; _module_preset=&#8221;default&#8221; max_width=&#8221;1280px&#8221; module_alignment=&#8221;center&#8221; global_colors_info=&#8221;{}&#8221;][et_pb_column type=&#8221;4_4&#8243; _builder_version=&#8221;4.16&#8243; _module_preset=&#8221;default&#8221; global_colors_info=&#8221;{}&#8221;][et_pb_text admin_label=&#8221;T\u00edtulo y texto inicial&#8221; _builder_version=&#8221;4.16&#8243; header_2_font=&#8221;|700||on|||||&#8221; header_2_text_color=&#8221;#fac102&#8243; header_2_font_size=&#8221;22px&#8221; max_width=&#8221;600px&#8221; module_alignment=&#8221;left&#8221; text_font_size_last_edited=&#8221;off|desktop&#8221; text_line_height_last_edited=&#8221;off|phone&#8221; global_colors_info=&#8221;{}&#8221;]<\/p>\n<h2><span>Just write to us!<\/span><\/h2>\n<p>If you have any questions, please do not hesitate to contact us; we will get back to you as soon as possible.<\/p>\n<p>[\/et_pb_text][\/et_pb_column][\/et_pb_row][et_pb_row column_structure=&#8221;2_3,1_3&#8243; use_custom_gutter=&#8221;on&#8221; gutter_width=&#8221;2&#8243; make_equal=&#8221;on&#8221; module_class=&#8221;formulario-de-contacto&#8221; _builder_version=&#8221;4.16&#8243; max_width=&#8221;1280px&#8221; module_alignment=&#8221;center&#8221; custom_margin=&#8221;30px|||&#8221; custom_margin_tablet=&#8221;&#8221; custom_margin_phone=&#8221;&#8221; custom_margin_last_edited=&#8221;on|desktop&#8221; custom_padding=&#8221;11px|0px|0|0px&#8221; global_colors_info=&#8221;{}&#8221;][et_pb_column type=&#8221;2_3&#8243; _builder_version=&#8221;4.16&#8243; custom_padding=&#8221;|||&#8221; global_colors_info=&#8221;{}&#8221; custom_padding__hover=&#8221;|||&#8221;][et_pb_contact_form use_spam_service=&#8221;on&#8221; recaptcha_list=&#8221;Addi|Addi-0&#8243; email=&#8221;mjb@additelecom.com, addi@additelecom.com&#8221; custom_message=&#8221;Nombre: %%name%%||et_pb_line_break_holder||Direcci\u00f3n de correo electr\u00f3nico: %%email%%||et_pb_line_break_holder||Tel\u00e9fono: %%phone%%||et_pb_line_break_holder||RGPD: %%gdpr%%||et_pb_line_break_holder||&#8211;||et_pb_line_break_holder||||et_pb_line_break_holder||%%message%%&#8221; use_redirect=&#8221;on&#8221; redirect_url=&#8221;https:\/\/tvprompt.tv\/en\/contact\/thanks\/&#8221; _builder_version=&#8221;4.16&#8243; _unique_id=&#8221;8b41d0f0-ee9c-47cb-b166-e7138dec6e2a&#8221; custom_button=&#8221;on&#8221; button_text_size=&#8221;17px&#8221; button_text_color=&#8221;#6b6b6b&#8221; button_border_color=&#8221;#fac102&#8243; button_custom_margin=&#8221;12px||||false|false&#8221; custom_css_captcha_field=&#8221;padding-top: 11px;||padding-bottom: 10px;||border-radius: 3px;||border: 2px solid #DCDCDC4D;&#8221; global_colors_info=&#8221;{}&#8221;][et_pb_contact_field field_id=&#8221;name&#8221; field_title=&#8221;Name&#8221; _builder_version=&#8221;4.16&#8243; global_colors_info=&#8221;{}&#8221; button_text_size__hover_enabled=&#8221;off&#8221; button_one_text_size__hover_enabled=&#8221;off&#8221; button_two_text_size__hover_enabled=&#8221;off&#8221; button_text_color__hover_enabled=&#8221;off&#8221; button_one_text_color__hover_enabled=&#8221;off&#8221; button_two_text_color__hover_enabled=&#8221;off&#8221; button_border_width__hover_enabled=&#8221;off&#8221; button_one_border_width__hover_enabled=&#8221;off&#8221; button_two_border_width__hover_enabled=&#8221;off&#8221; button_border_color__hover_enabled=&#8221;off&#8221; button_one_border_color__hover_enabled=&#8221;off&#8221; button_two_border_color__hover_enabled=&#8221;off&#8221; button_border_radius__hover_enabled=&#8221;off&#8221; button_one_border_radius__hover_enabled=&#8221;off&#8221; button_two_border_radius__hover_enabled=&#8221;off&#8221; button_letter_spacing__hover_enabled=&#8221;off&#8221; button_one_letter_spacing__hover_enabled=&#8221;off&#8221; button_two_letter_spacing__hover_enabled=&#8221;off&#8221; button_bg_color__hover_enabled=&#8221;off&#8221; button_one_bg_color__hover_enabled=&#8221;off&#8221; button_two_bg_color__hover_enabled=&#8221;off&#8221;][\/et_pb_contact_field][et_pb_contact_field field_id=&#8221;email&#8221; field_title=&#8221;E-mail&#8221; field_type=&#8221;email&#8221; _builder_version=&#8221;4.16&#8243; global_colors_info=&#8221;{}&#8221; button_text_size__hover_enabled=&#8221;off&#8221; button_one_text_size__hover_enabled=&#8221;off&#8221; button_two_text_size__hover_enabled=&#8221;off&#8221; button_text_color__hover_enabled=&#8221;off&#8221; button_one_text_color__hover_enabled=&#8221;off&#8221; button_two_text_color__hover_enabled=&#8221;off&#8221; button_border_width__hover_enabled=&#8221;off&#8221; button_one_border_width__hover_enabled=&#8221;off&#8221; button_two_border_width__hover_enabled=&#8221;off&#8221; button_border_color__hover_enabled=&#8221;off&#8221; button_one_border_color__hover_enabled=&#8221;off&#8221; button_two_border_color__hover_enabled=&#8221;off&#8221; button_border_radius__hover_enabled=&#8221;off&#8221; button_one_border_radius__hover_enabled=&#8221;off&#8221; button_two_border_radius__hover_enabled=&#8221;off&#8221; button_letter_spacing__hover_enabled=&#8221;off&#8221; button_one_letter_spacing__hover_enabled=&#8221;off&#8221; button_two_letter_spacing__hover_enabled=&#8221;off&#8221; button_bg_color__hover_enabled=&#8221;off&#8221; button_one_bg_color__hover_enabled=&#8221;off&#8221; button_two_bg_color__hover_enabled=&#8221;off&#8221;][\/et_pb_contact_field][et_pb_contact_field field_id=&#8221;phone&#8221; field_title=&#8221;Phone&#8221; fullwidth_field=&#8221;on&#8221; _builder_version=&#8221;4.16&#8243; global_colors_info=&#8221;{}&#8221; button_text_size__hover_enabled=&#8221;off&#8221; button_one_text_size__hover_enabled=&#8221;off&#8221; button_two_text_size__hover_enabled=&#8221;off&#8221; button_text_color__hover_enabled=&#8221;off&#8221; button_one_text_color__hover_enabled=&#8221;off&#8221; button_two_text_color__hover_enabled=&#8221;off&#8221; button_border_width__hover_enabled=&#8221;off&#8221; button_one_border_width__hover_enabled=&#8221;off&#8221; button_two_border_width__hover_enabled=&#8221;off&#8221; button_border_color__hover_enabled=&#8221;off&#8221; button_one_border_color__hover_enabled=&#8221;off&#8221; button_two_border_color__hover_enabled=&#8221;off&#8221; button_border_radius__hover_enabled=&#8221;off&#8221; button_one_border_radius__hover_enabled=&#8221;off&#8221; button_two_border_radius__hover_enabled=&#8221;off&#8221; button_letter_spacing__hover_enabled=&#8221;off&#8221; button_one_letter_spacing__hover_enabled=&#8221;off&#8221; button_two_letter_spacing__hover_enabled=&#8221;off&#8221; button_bg_color__hover_enabled=&#8221;off&#8221; button_one_bg_color__hover_enabled=&#8221;off&#8221; button_two_bg_color__hover_enabled=&#8221;off&#8221;][\/et_pb_contact_field][et_pb_contact_field field_id=&#8221;message&#8221; field_title=&#8221;Message&#8221; field_type=&#8221;text&#8221; fullwidth_field=&#8221;on&#8221; _builder_version=&#8221;4.16&#8243; form_field_font=&#8221;||||||||&#8221; global_colors_info=&#8221;{}&#8221; button_text_size__hover_enabled=&#8221;off&#8221; button_one_text_size__hover_enabled=&#8221;off&#8221; button_two_text_size__hover_enabled=&#8221;off&#8221; button_text_color__hover_enabled=&#8221;off&#8221; button_one_text_color__hover_enabled=&#8221;off&#8221; button_two_text_color__hover_enabled=&#8221;off&#8221; button_border_width__hover_enabled=&#8221;off&#8221; button_one_border_width__hover_enabled=&#8221;off&#8221; button_two_border_width__hover_enabled=&#8221;off&#8221; button_border_color__hover_enabled=&#8221;off&#8221; button_one_border_color__hover_enabled=&#8221;off&#8221; button_two_border_color__hover_enabled=&#8221;off&#8221; button_border_radius__hover_enabled=&#8221;off&#8221; button_one_border_radius__hover_enabled=&#8221;off&#8221; button_two_border_radius__hover_enabled=&#8221;off&#8221; button_letter_spacing__hover_enabled=&#8221;off&#8221; button_one_letter_spacing__hover_enabled=&#8221;off&#8221; button_two_letter_spacing__hover_enabled=&#8221;off&#8221; button_bg_color__hover_enabled=&#8221;off&#8221; button_one_bg_color__hover_enabled=&#8221;off&#8221; button_two_bg_color__hover_enabled=&#8221;off&#8221;][\/et_pb_contact_field][et_pb_contact_field field_id=&#8221;gdpr&#8221; field_title=&#8221; &#8221; field_type=&#8221;checkbox&#8221; checkbox_options=&#8221;%91{%22value%22:%22I accept the privacy policy, as well as the reception of informative communications&#8230; %22,%22checked%22:0,%22dragID%22:-1,%22link_text%22:%22%22,%22link_url%22:%22https:\/\/tvprompt.tv\/en\/privacy\/%22}%93&#8243; _builder_version=&#8221;4.16&#8243; form_field_font_size=&#8221;14px&#8221; custom_margin=&#8221;||10px|&#8221; custom_margin_tablet=&#8221;|||&#8221; custom_margin_phone=&#8221;|||&#8221; custom_margin_last_edited=&#8221;on|desktop&#8221; form_field_font_size_tablet=&#8221;14px&#8221; form_field_font_size_phone=&#8221;14px&#8221; form_field_line_height_tablet=&#8221;1em&#8221; form_field_line_height_phone=&#8221;1em&#8221; border_style_all=&#8221;none&#8221; box_shadow_style=&#8221;preset3&#8243; global_colors_info=&#8221;{}&#8221; button_text_size__hover_enabled=&#8221;off&#8221; button_one_text_size__hover_enabled=&#8221;off&#8221; button_two_text_size__hover_enabled=&#8221;off&#8221; button_text_color__hover_enabled=&#8221;off&#8221; button_one_text_color__hover_enabled=&#8221;off&#8221; button_two_text_color__hover_enabled=&#8221;off&#8221; button_border_width__hover_enabled=&#8221;off&#8221; button_one_border_width__hover_enabled=&#8221;off&#8221; button_two_border_width__hover_enabled=&#8221;off&#8221; button_border_color__hover_enabled=&#8221;off&#8221; button_one_border_color__hover_enabled=&#8221;off&#8221; button_two_border_color__hover_enabled=&#8221;off&#8221; button_border_radius__hover_enabled=&#8221;off&#8221; button_one_border_radius__hover_enabled=&#8221;off&#8221; button_two_border_radius__hover_enabled=&#8221;off&#8221; button_letter_spacing__hover_enabled=&#8221;off&#8221; button_one_letter_spacing__hover_enabled=&#8221;off&#8221; button_two_letter_spacing__hover_enabled=&#8221;off&#8221; button_bg_color__hover_enabled=&#8221;off&#8221; button_one_bg_color__hover_enabled=&#8221;off&#8221; button_two_bg_color__hover_enabled=&#8221;off&#8221;][\/et_pb_contact_field][\/et_pb_contact_form][\/et_pb_column][et_pb_column type=&#8221;1_3&#8243; _builder_version=&#8221;4.16&#8243; custom_padding=&#8221;|||34px|false|false&#8221; custom_padding_tablet=&#8221;|||0px|false|false&#8221; custom_padding_phone=&#8221;&#8221; custom_padding_last_edited=&#8221;on|tablet&#8221; border_width_left=&#8221;1px&#8221; border_color_left=&#8221;rgba(250,193,2,0.33)&#8221; border_width_left_tablet=&#8221;0px&#8221; border_width_left_phone=&#8221;&#8221; border_width_left_last_edited=&#8221;on|tablet&#8221; global_colors_info=&#8221;{}&#8221; custom_padding__hover=&#8221;|||&#8221;][et_pb_text _builder_version=&#8221;4.16&#8243; _module_preset=&#8221;default&#8221; text_font_size=&#8221;10px&#8221; text_orientation=&#8221;justified&#8221; custom_css_main_element=&#8221;line-height: 1.7em;&#8221; global_colors_info=&#8221;{}&#8221;]<\/p>\n<p><span class=\"titulo-rgpd\">Party responsible<\/span>: Ingenier\u00eda y telecomunicaciones Additelecom, S.L., en adelante, ADDITELECOM <span class=\"titulo-rgpd\">Purpose<\/span>: El mantenimiento de la comunicaci\u00f3n entre ambas partes, la resoluci\u00f3n de dudas y consultas planteadas, y para facilitar el acceso a nuestros clientes y contactos a informaci\u00f3n referente a nuestros servicios. <span class=\"titulo-rgpd\">Legitimacy<\/span>: Consentimiento del interesado o de su representante legal al rellenar el formulario de la consulta que el mismo realiza. <span class=\"titulo-rgpd\">Recipients<\/span>: Los datos personales que usted ha facilitado tienen como \u00fanico destinatario a ADDITELECOM. No se prev\u00e9n cesiones de datos. No se prev\u00e9 la transferencia internacional de sus datos personales. <span class=\"titulo-rgpd\">Rights<\/span>: Tiene derecho a acceder, rectificar y suprimir los datos, as\u00ed como otros derechos, como se explica en la informaci\u00f3n adicional, contactando con ADDITELECOM en privacidad@additelecom.com; o en Calle Madre Sacramento 44, 50004 Zaragoza. <span class=\"titulo-rgpd\">Additional information about data protection<\/span>: <a href=\"http:\/\/www.infoprotecciondatos.eu\/p4972018\/\" target=\"_blank\" rel=\"nofollow noopener noreferrer\">infoprotecciondatos.eu\/p4972018<\/a><\/p>\n<p>This site is protected by reCAPTCHA and Google\u2019s <a href=\"https:\/\/policies.google.com\/privacy\" target=\"_blank\" rel=\"noopener\">privacy policy<\/a> and <a href=\"https:\/\/policies.google.com\/terms\" target=\"_blank\" rel=\"noopener\">terms of service<\/a>.<\/p>\n<p>[\/et_pb_text][\/et_pb_column][\/et_pb_row][\/et_pb_section][et_pb_section fb_built=&#8221;1&#8243; fullwidth=&#8221;on&#8221; _builder_version=&#8221;4.16&#8243; animation_style=&#8221;fade&#8221; global_colors_info=&#8221;{}&#8221;][et_pb_fullwidth_map address=&#8221;42240 Medinaceli, Soria, Espa\u00f1a&#8221; zoom_level=&#8221;7&#8243; address_lat=&#8221;41.105528515911736&#8243; address_lng=&#8221;-2.334965746875014&#8243; mouse_wheel=&#8221;off&#8221; use_grayscale_filter=&#8221;on&#8221; grayscale_filter_amount=&#8221;100&#8243; _builder_version=&#8221;4.16&#8243; global_colors_info=&#8221;{}&#8221;][et_pb_map_pin title=&#8221;Additelecom Madrid&#8221; pin_address=&#8221;Calle de Josefa Valc\u00e1rcel, 8, 28027 Madrid, Espa\u00f1a&#8221; pin_address_lat=&#8221;40.4478823&#8243; pin_address_lng=&#8221;-3.6485020999999733&#8243; _builder_version=&#8221;3.9&#8243; global_colors_info=&#8221;{}&#8221;]Calle de Josefa Valc\u00e1rcel, 8<br \/>\n28027 Madrid<br \/>\n[\/et_pb_map_pin][et_pb_map_pin title=&#8221;Additelecom Zaragoza&#8221; pin_address=&#8221;Calle Madre Sacramento, 44, 50004 Zaragoza, Espa\u00f1a&#8221; pin_address_lat=&#8221;41.6503006&#8243; pin_address_lng=&#8221;-0.8924328000000514&#8243; _builder_version=&#8221;3.9&#8243; global_colors_info=&#8221;{}&#8221;]Calle Madre Sacramento, 44<br \/>\n50004 Zaragoza<br \/>\n[\/et_pb_map_pin][\/et_pb_fullwidth_map][\/et_pb_section]<\/p>\n","protected":false},"excerpt":{"rendered":"<p>Contact Questions? Let Us Help!Contact us if you have any questions or need further information. Additionally, if you prefer to make your purchase over the phone or via email.Contact If you want to talk to us, you have the option to either send us an email or contact our customer service telephone number. (+34) 976 [&hellip;]<\/p>\n","protected":false},"author":1,"featured_media":0,"parent":0,"menu_order":0,"comment_status":"closed","ping_status":"closed","template":"","meta":{"_et_pb_use_builder":"on","_et_pb_old_content":"","_et_gb_content_width":"","footnotes":""},"class_list":["post-254","page","type-page","status-publish","hentry"],"_links":{"self":[{"href":"https:\/\/tvprompt.tv\/en\/wp-json\/wp\/v2\/pages\/254","targetHints":{"allow":["GET"]}}],"collection":[{"href":"https:\/\/tvprompt.tv\/en\/wp-json\/wp\/v2\/pages"}],"about":[{"href":"https:\/\/tvprompt.tv\/en\/wp-json\/wp\/v2\/types\/page"}],"author":[{"embeddable":true,"href":"https:\/\/tvprompt.tv\/en\/wp-json\/wp\/v2\/users\/1"}],"replies":[{"embeddable":true,"href":"https:\/\/tvprompt.tv\/en\/wp-json\/wp\/v2\/comments?post=254"}],"version-history":[{"count":135,"href":"https:\/\/tvprompt.tv\/en\/wp-json\/wp\/v2\/pages\/254\/revisions"}],"predecessor-version":[{"id":11773,"href":"https:\/\/tvprompt.tv\/en\/wp-json\/wp\/v2\/pages\/254\/revisions\/11773"}],"wp:attachment":[{"href":"https:\/\/tvprompt.tv\/en\/wp-json\/wp\/v2\/media?parent=254"}],"curies":[{"name":"wp","href":"https:\/\/api.w.org\/{rel}","templated":true}]}}